{"id":13,"date":"2017-09-25T19:00:58","date_gmt":"2017-09-25T19:00:58","guid":{"rendered":"https:\/\/acb.waw.pl\/?page_id=13"},"modified":"2025-02-26T21:00:44","modified_gmt":"2025-02-26T20:00:44","slug":"regulamin","status":"publish","type":"page","link":"https:\/\/naszeforum.iproste.pl\/?page_id=13","title":{"rendered":"Regulamin"},"content":{"rendered":"<p><strong style=\"color: #ff0000;\">Regulamin<\/strong><\/p>\n<p><strong style=\"color: #ff0000;\">Zach\u0119camy r\u00f3wnocze\u015bnie do zaznajomienia si\u0119 z nasz\u0105 <a href=\"https:\/\/naszeforum.iproste.pl\/polityka-prywatnosci\/\" target=\"_blank\" rel=\"noopener noreferrer\">polityk\u0105 prywatno\u015bci<\/a> pod wzgl\u0119dem przetwarzania danych osobowych naszych u\u017cytkownik\u00f3w<br \/>\n<\/strong><\/p>\n<p>Regulamin dotyczy funkcjonowania forum <a href=\"https:\/\/naszeforum.iproste.pl\/\">https:\/\/naszeforum.iproste.pl<\/a><\/p>\n<p>W celu uproszczenia regulaminu zastosowano w nim nast\u0119puj\u0105ce okre\u015blenia:<\/p>\n<p>&#8211;<strong>nasza domena<\/strong> &#8211; (z zachowaniem poprawno\u015bci gramatycznej i odmiany) oznacza odniesienie do nazwy domeny w ka\u017cdej dowolnie skonfigurowanej postaci np. <a href=\"https:\/\/naszeforum.iproste.pl\/\">https:\/\/naszeforum.iproste.pl<\/a>,\u00a0 itp. jak i wszelkich stronach odnosz\u0105cych si\u0119 do domeny g\u0142\u00f3wnej, jak i wszelkimi adresami pomocniczymi tej domeny<\/p>\n<p>&#8211;<strong>klient<\/strong> \u2013 podmiot fizyczny b\u0105d\u017a prawny, bez wzgl\u0119du czy prowadzi dzia\u0142alno\u015b\u0107 gospodarcz\u0105 czy nie, kt\u00f3ry dokona\u0142 jakiegokolwiek wpisu na <strong>naszej domenie<\/strong> , w jakiejkolwiek postaci.<\/p>\n<p>&#8211;<strong>wpis<\/strong> \u2013 tre\u015b\u0107 dodana do publikacji w ramach serwisu <strong>naszej domeny.\u00a0<\/strong> Wymogi jakie musi spe\u0142nia\u0107 wpis aby by\u0142 dopuszczony do publikacji s\u0105 okre\u015blone w dalszej cz\u0119\u015bci regulaminu \u00a0Za tre\u015b\u0107 opublikowanego wpisu odpowiada wy\u0142\u0105cznie jego autor.<\/p>\n<p>&#8211; <strong>konto<\/strong> \u2013 login wraz z has\u0142em pozwalaj\u0105cy na dodawanie wpis\u00f3w.<\/p>\n<p>&#8211;<strong>link<\/strong> \u2013 s\u0142owo lub grupa s\u0142\u00f3w, pod kt\u00f3r\u0105 jest dodany adres internetowy powoduj\u0105cy przekierowanie na domen\u0119 internetow\u0105. Bez znaczenia jest czy jest to domena reklamowana czy nie. Jako link traktowane s\u0105 te\u017c wszelkie adresy e-mail<\/p>\n<p>&#8211; <strong>moderator<\/strong> \u2013 osoba lub program kt\u00f3ra zatwierdza dodane wpisy i przekazuje je do publikacji lub je odrzuca<\/p>\n<p>1\/Regulamin wchodzi w \u017cycie z chwil\u0105 opublikowania na <strong>naszej domenie<\/strong>. W przypadku zmian w regulaminie, wprowadzenie ich wymaga r\u00f3wnie\u017c publikacji. Obowi\u0105zuje zawsze najnowsza wersja regulaminu (wraz z wprowadzonymi zmianami).<\/p>\n<p>2\/Administratorem jest Eronet sp. z o.o. z siedzib\u0105 w Poznaniu. Kontakt do administratora:<br \/>\npoczta elektroniczna<\/p>\n<p>Adres mailowy b\u0119dzie w najbli\u017cszym czasie podany<\/p>\n<p>poczta tradycyjna<br \/>\nEronet sp z o.o.<br \/>\nskrytka pocztowa nr 9<br \/>\nUP Kostrzyn Wielkopolski ul. Dworcowa 11 62-025 Kostrzyn<\/p>\n<p>3\/ Celem <span style=\"color: #ce181e;\"><i><b>naszego serwisu<\/b><\/i><\/span> jest kulturalna dyskusja na forum<\/p>\n<p>4\/Rejestracja na forum jest p\u0142atna i okre\u015blona czasowo<\/p>\n<p>5\/Serwis nie odnosi si\u0119 bezpo\u015brednio do wpis\u00f3w podlegaj\u0105cych moderacji, nie mniej w przypadku widocznego naruszenia prawa (np. pr\u00f3ba dokonania wpisu na forum np. tre\u015bci propaguj\u0105ce nienawi\u015b\u0107 lub ubli\u017caj\u0105ce danej osobie) serwis ma prawo do odrzucenia wpisu<\/p>\n<p>6\/Bezwzgl\u0119dnie b\u0119d\u0105 odrzucane podczas moderacji wpisy dotycz\u0105ce stron odnosz\u0105cych si\u0119 do:<\/p>\n<p>-szerzenia nienawi\u015bci rasowej, religijnej itp<\/p>\n<p>-propagowania ideologii faszystowskiej, nazistowskiej oraz komunistycznej pod ka\u017cd\u0105 postaci\u0105<\/p>\n<p>-tre\u015bci erotycznych i godz\u0105cych w sfer\u0119 intymn\u0105 , budz\u0105cych w\u0105tpliwo\u015b\u0107 co do ich legalno\u015bci zar\u00f3wno pod wzgl\u0119dem charakteru materia\u0142\u00f3w, sposobie ich zdobycia, a w szczeg\u00f3lno\u015bci wieku<\/p>\n<p>-mechanizm\u00f3w, kt\u00f3rych jedynym celem jest wy\u0142udzenie danych<\/p>\n<p>-propaguj\u0105cych, publikuj\u0105cych lub sprzedaj\u0105cych nielegalne oprogramowanie, muzyk\u0119, filmu jak i produkty og\u00f3lnie zwanymi \u201epodr\u00f3bkami\u201d<\/p>\n<p>-publikacji godz\u0105cych w dobra os\u00f3b trzecich jak i firm (na zasadzie lista nierzetelnych firm, pracownik\u00f3w etc)<\/p>\n<p>7\/Za tre\u015b\u0107 publikowanego wpisu na forum odpowiadaj\u0105 jego autor. Wszelkie roszczenia z tytu\u0142\u00f3w prawnych co do wpisu nale\u017cy kierowa\u0107 bezpo\u015brednio do ich autora.<\/p>\n<p>8\/Wpisy b\u0119d\u0105 podzielone odpowiednio kategorie tematyczne. Wpisy nie zgodne tematycznie b\u0119d\u0105 usuwane w momencie okresowej moderacji<\/p>\n<p>10\/W zwi\u0105zku ze zmianami w prawie odno\u015bcie przetwarzania danych osobowych, cze\u015b\u0107 integraln\u0105 regulaminu stanowi polityka prywatno\u015bci. Tam znajduj\u0105 si\u0119 wszelkie wymagane informacji odno\u015bcie zbierania i zasad przetwarzania danych osobowych.<\/p>\n<p>11\/U\u017cytkownik <span style=\"color: #ce181e;\"><i><b> naszego serwisu <\/b><\/i><\/span><span style=\"color: #000000;\">ma w ka\u017cdej chwili prawo do wgl\u0105du i edycji swoich danych osobowych jak i \u017c\u0105dania zaprzestania ich przetwarzania, jak i ich usuni\u0119cia (za wyj\u0105tkiem sytuacji, gdy ich usuni\u0119cie nie jest mo\u017cliwe ze wzgl\u0119du na inne przepisy prawne, kt\u00f3re zobowi\u0105zuj\u0105 Administratora Serwisu do ich zachowania (np. informacje potrzebne do wystawienia faktury za wykonan\u0105 us\u0142ug\u0119 i ich przetwarzanie oraz zachowanie zgodnie z wymogami wynikaj\u0105cymi z przepis\u00f3w podatkowych, informacje dotycz\u0105ce zakresu wykonania us\u0142ugi i ich powi\u0105zanie z konkretnym zleceniem w celu ochrony praw administratora przed pr\u00f3b\u0105 ewentualnego wy\u0142udzenia odszkodowania za us\u0142ug\u0119 wykonan\u0105 nie zgodnie z zam\u00f3wieniem itp.). Wszelkie informacje w zakresie obowi\u0105zuj\u0105cego prawa udzielane s\u0105 poprzez wys\u0142anie odpowiednich formularzy korzystaj\u0105c ze strony \u201eKontakt\u201d lub w tradycyjnej formie papierowej wys\u0142anej na adres r\u00f3wnie\u017c podany na stronie \u201eKontakt\u201d<\/span><\/p>\n<p><span style=\"color: #000000;\">12<\/span><span style=\"color: #000000;\">\/Strona informacyjna przed wej\u015bciem do serwisu tzw. intro z informacjami dotycz\u0105cymi naszej polityki prywatno\u015bci wy\u015bwietla si\u0119 jeden raz na konkretn\u0105 sesj\u0119.<\/span><\/p>\n<p>13\/W sprawach nieunormowanych niniejszym regulaminem maj\u0105 zastosowanie odpowiednie przepisy Kodeksu Cywilnego<\/p>\n<p>14\/W sprawach spornych wymagaj\u0105cych rozstrzygni\u0119cia s\u0105dowego, S\u0105dem miejscowym dla rozstrzygania danego sporu jest S\u0105d miejscowy dla w\u0142a\u015bciciela serwisu (Pozna\u0144 \u2013 Nowe Miasto).<\/p>\n<p>15\/Obowi\u0105zuj\u0105c\u0105 wersj\u0105 regulaminu jest zawsze jego najnowsza wersja. Dopisanie punktu, b\u0105d\u017a edycja istniej\u0105cego automatycznie anuluje jego poprzednie wersje w zakresie w jakim nast\u0105pi\u0142o dopisanie lub edycja.<\/p>\n","protected":false},"excerpt":{"rendered":"<p>Regulamin Zach\u0119camy r\u00f3wnocze\u015bnie do zaznajomienia si\u0119 z nasz\u0105 polityk\u0105 prywatno\u015bci pod wzgl\u0119dem przetwarzania danych osobowych naszych u\u017cytkownik\u00f3w Regulamin dotyczy funkcjonowania forum https:\/\/naszeforum.iproste.pl W celu uproszczenia regulaminu zastosowano w nim nast\u0119puj\u0105ce okre\u015blenia: &#8211;nasza domena &#8211; (z zachowaniem poprawno\u015bci gramatycznej i odmiany) oznacza odniesienie do nazwy domeny w ka\u017cdej dowolnie skonfigurowanej postaci np. https:\/\/naszeforum.iproste.pl,\u00a0 itp. jak i &hellip; <a href=\"https:\/\/naszeforum.iproste.pl\/?page_id=13\" class=\"more-link\">Czytaj dalej<span class=\"screen-reader-text\"> \u201eRegulamin\u201d<\/span><\/a><\/p>\n","protected":false},"author":1,"featured_media":52,"parent":0,"menu_order":4,"comment_status":"closed","ping_status":"closed","template":"","meta":{"footnotes":""},"class_list":["post-13","page","type-page","status-publish","has-post-thumbnail","hentry"],"aioseo_notices":[],"_links":{"self":[{"href":"https:\/\/naszeforum.iproste.pl\/index.php?rest_route=\/wp\/v2\/pages\/13","targetHints":{"allow":["GET"]}}],"collection":[{"href":"https:\/\/naszeforum.iproste.pl\/index.php?rest_route=\/wp\/v2\/pages"}],"about":[{"href":"https:\/\/naszeforum.iproste.pl\/index.php?rest_route=\/wp\/v2\/types\/page"}],"author":[{"embeddable":true,"href":"https:\/\/naszeforum.iproste.pl\/index.php?rest_route=\/wp\/v2\/users\/1"}],"replies":[{"embeddable":true,"href":"https:\/\/naszeforum.iproste.pl\/index.php?rest_route=%2Fwp%2Fv2%2Fcomments&post=13"}],"version-history":[{"count":18,"href":"https:\/\/naszeforum.iproste.pl\/index.php?rest_route=\/wp\/v2\/pages\/13\/revisions"}],"predecessor-version":[{"id":461,"href":"https:\/\/naszeforum.iproste.pl\/index.php?rest_route=\/wp\/v2\/pages\/13\/revisions\/461"}],"wp:featuredmedia":[{"embeddable":true,"href":"https:\/\/naszeforum.iproste.pl\/index.php?rest_route=\/wp\/v2\/media\/52"}],"wp:attachment":[{"href":"https:\/\/naszeforum.iproste.pl\/index.php?rest_route=%2Fwp%2Fv2%2Fmedia&parent=13"}],"curies":[{"name":"wp","href":"https:\/\/api.w.org\/{rel}","templated":true}]}}