{"id":14,"date":"2017-09-25T19:00:58","date_gmt":"2017-09-25T19:00:58","guid":{"rendered":"https:\/\/acb.waw.pl\/?page_id=14"},"modified":"2025-02-26T21:07:40","modified_gmt":"2025-02-26T20:07:40","slug":"kontakt","status":"publish","type":"page","link":"https:\/\/naszeforum.iproste.pl\/?page_id=14","title":{"rendered":"Kontakt"},"content":{"rendered":"<p>Je\u017celi masz pytanie lub chcesz po prostu do nas napisa\u0107, to serdecznie zapraszamy do skorzystania z adresu mailowego:<\/p>\n<p>Aktualny adres mailowy b\u0119dzie podany w najbli\u017cszym czasie<\/p>\n<p>Kontakt w formie tradycyjnej<\/p>\n<p>Eronet sp. z o.o.<\/p>\n<p>skrytka pocztowa nr 9<\/p>\n<p>UP Kostrzyn Wielkopolski, ul. Dworcowa 11 62-025 Kostrzyn<\/p>\n","protected":false},"excerpt":{"rendered":"<p>Je\u017celi masz pytanie lub chcesz po prostu do nas napisa\u0107, to serdecznie zapraszamy do skorzystania z adresu mailowego: Aktualny adres mailowy b\u0119dzie podany w najbli\u017cszym czasie Kontakt w formie tradycyjnej Eronet sp. z o.o. skrytka pocztowa nr 9 UP Kostrzyn Wielkopolski, ul. Dworcowa 11 62-025 Kostrzyn<\/p>\n","protected":false},"author":1,"featured_media":210,"parent":0,"menu_order":5,"comment_status":"closed","ping_status":"closed","template":"","meta":{"footnotes":""},"class_list":["post-14","page","type-page","status-publish","has-post-thumbnail","hentry"],"aioseo_notices":[],"_links":{"self":[{"href":"https:\/\/naszeforum.iproste.pl\/index.php?rest_route=\/wp\/v2\/pages\/14","targetHints":{"allow":["GET"]}}],"collection":[{"href":"https:\/\/naszeforum.iproste.pl\/index.php?rest_route=\/wp\/v2\/pages"}],"about":[{"href":"https:\/\/naszeforum.iproste.pl\/index.php?rest_route=\/wp\/v2\/types\/page"}],"author":[{"embeddable":true,"href":"https:\/\/naszeforum.iproste.pl\/index.php?rest_route=\/wp\/v2\/users\/1"}],"replies":[{"embeddable":true,"href":"https:\/\/naszeforum.iproste.pl\/index.php?rest_route=%2Fwp%2Fv2%2Fcomments&post=14"}],"version-history":[{"count":17,"href":"https:\/\/naszeforum.iproste.pl\/index.php?rest_route=\/wp\/v2\/pages\/14\/revisions"}],"predecessor-version":[{"id":464,"href":"https:\/\/naszeforum.iproste.pl\/index.php?rest_route=\/wp\/v2\/pages\/14\/revisions\/464"}],"wp:featuredmedia":[{"embeddable":true,"href":"https:\/\/naszeforum.iproste.pl\/index.php?rest_route=\/wp\/v2\/media\/210"}],"wp:attachment":[{"href":"https:\/\/naszeforum.iproste.pl\/index.php?rest_route=%2Fwp%2Fv2%2Fmedia&parent=14"}],"curies":[{"name":"wp","href":"https:\/\/api.w.org\/{rel}","templated":true}]}}